{"id":1536,"date":"2022-02-15T14:10:57","date_gmt":"2022-02-15T14:10:57","guid":{"rendered":"http:\/\/localhost\/axionarg\/?post_type=product&#038;p=1536"},"modified":"2026-02-02T02:38:51","modified_gmt":"2026-02-02T02:38:51","slug":"elevador-br3410","status":"publish","type":"product","link":"http:\/\/axionlift.com\/pt\/produto\/elevador-br3410\/","title":{"rendered":"Cesta A\u00e9rea BR3410"},"content":{"rendered":"","protected":false},"excerpt":{"rendered":"<p>Si quiere conocer m\u00e1s sobre el producto hacer click en el bot\u00f3n<\/p>\n[button open_new_tab=\"true\" color=\"accent-color\" hover_text_color_override=\"#fff\" size=\"small\" url=\"http:\/\/localhost\/newaxion\/elevador-ur3410\/\" text=\"Conocer Producto\" color_override=\"\"]\n","protected":false},"featured_media":6704,"comment_status":"open","ping_status":"closed","template":"","meta":[],"product_brand":[],"product_cat":[73],"product_tag":[],"class_list":{"0":"post-1536","1":"product","2":"type-product","3":"status-publish","4":"has-post-thumbnail","6":"product_cat-elevadores","8":"first","9":"instock","10":"featured","11":"shipping-taxable","12":"product-type-simple"},"yoast_head":"<!-- This site is optimized with the Yoast SEO plugin v27.4 - https:\/\/yoast.com\/product\/yoast-seo-wordpress\/ -->\n<title>Elevador BR3410 - AxionLift - Elevadores &amp; Hidrogr\u00faas<\/title>\n<meta name=\"robots\" content=\"index, follow, max-snippet:-1, max-image-preview:large, max-video-preview:-1\" \/>\n<link rel=\"canonical\" href=\"https:\/\/axionlift.com\/pt\/product\/elevador-br3410\/\" \/>\n<meta property=\"og:locale\" content=\"pt_BR\" \/>\n<meta property=\"og:type\" content=\"article\" \/>\n<meta property=\"og:title\" content=\"Elevador BR3410 - AxionLift - Elevadores &amp; Hidrogr\u00faas\" \/>\n<meta property=\"og:description\" content=\"Si quiere conocer m\u00e1s sobre el producto hacer click en el bot\u00f3n\" \/>\n<meta property=\"og:url\" content=\"https:\/\/axionlift.com\/pt\/product\/elevador-br3410\/\" \/>\n<meta property=\"og:site_name\" content=\"AxionLift - Elevadores &amp; Hidrogr\u00faas\" \/>\n<meta property=\"article:modified_time\" content=\"2026-02-02T02:38:51+00:00\" \/>\n<meta property=\"og:image\" content=\"https:\/\/axionlift.com\/wp-content\/uploads\/2022\/02\/AxionLift-Imagen-miniatura-BR3410.jpg\" \/>\n\t<meta property=\"og:image:width\" content=\"300\" \/>\n\t<meta property=\"og:image:height\" content=\"184\" \/>\n\t<meta property=\"og:image:type\" content=\"image\/jpeg\" \/>\n<meta name=\"twitter:card\" content=\"summary_large_image\" \/>\n<meta name=\"twitter:label1\" content=\"Est. tempo de leitura\" \/>\n\t<meta name=\"twitter:data1\" content=\"1 minuto\" \/>\n<script type=\"application\/ld+json\" class=\"yoast-schema-graph\">{\"@context\":\"https:\\\/\\\/schema.org\",\"@graph\":[{\"@type\":\"WebPage\",\"@id\":\"https:\\\/\\\/axionlift.com\\\/en\\\/product\\\/elevador-br3410\\\/\",\"url\":\"https:\\\/\\\/axionlift.com\\\/en\\\/product\\\/elevador-br3410\\\/\",\"name\":\"Elevador BR3410 - AxionLift - Elevadores &amp; Hidrogr\u00faas\",\"isPartOf\":{\"@id\":\"https:\\\/\\\/axionlift.com\\\/en\\\/#website\"},\"primaryImageOfPage\":{\"@id\":\"https:\\\/\\\/axionlift.com\\\/en\\\/product\\\/elevador-br3410\\\/#primaryimage\"},\"image\":{\"@id\":\"https:\\\/\\\/axionlift.com\\\/en\\\/product\\\/elevador-br3410\\\/#primaryimage\"},\"thumbnailUrl\":\"https:\\\/\\\/axionlift.com\\\/wp-content\\\/uploads\\\/2022\\\/02\\\/AxionLift-Imagen-miniatura-BR3410.jpg\",\"datePublished\":\"2022-02-15T14:10:57+00:00\",\"dateModified\":\"2026-02-02T02:38:51+00:00\",\"breadcrumb\":{\"@id\":\"https:\\\/\\\/axionlift.com\\\/en\\\/product\\\/elevador-br3410\\\/#breadcrumb\"},\"inLanguage\":\"pt-BR\",\"potentialAction\":[{\"@type\":\"ReadAction\",\"target\":[\"https:\\\/\\\/axionlift.com\\\/en\\\/product\\\/elevador-br3410\\\/\"]}]},{\"@type\":\"ImageObject\",\"inLanguage\":\"pt-BR\",\"@id\":\"https:\\\/\\\/axionlift.com\\\/en\\\/product\\\/elevador-br3410\\\/#primaryimage\",\"url\":\"https:\\\/\\\/axionlift.com\\\/wp-content\\\/uploads\\\/2022\\\/02\\\/AxionLift-Imagen-miniatura-BR3410.jpg\",\"contentUrl\":\"https:\\\/\\\/axionlift.com\\\/wp-content\\\/uploads\\\/2022\\\/02\\\/AxionLift-Imagen-miniatura-BR3410.jpg\",\"width\":300,\"height\":184},{\"@type\":\"BreadcrumbList\",\"@id\":\"https:\\\/\\\/axionlift.com\\\/en\\\/product\\\/elevador-br3410\\\/#breadcrumb\",\"itemListElement\":[{\"@type\":\"ListItem\",\"position\":1,\"name\":\"Inicio\",\"item\":\"https:\\\/\\\/axionlift.com\\\/\"},{\"@type\":\"ListItem\",\"position\":2,\"name\":\"Tienda\",\"item\":\"https:\\\/\\\/axionlift.com\\\/tienda\\\/\"},{\"@type\":\"ListItem\",\"position\":3,\"name\":\"Elevador BR3410\"}]},{\"@type\":\"WebSite\",\"@id\":\"https:\\\/\\\/axionlift.com\\\/en\\\/#website\",\"url\":\"https:\\\/\\\/axionlift.com\\\/en\\\/\",\"name\":\"AxionLift - Elevadores & Hidrogr\u00faas\",\"description\":\"AxionLift - Una organizaci\u00f3n de alta performance\",\"publisher\":{\"@id\":\"https:\\\/\\\/axionlift.com\\\/en\\\/#organization\"},\"alternateName\":\"AxionLift\",\"potentialAction\":[{\"@type\":\"SearchAction\",\"target\":{\"@type\":\"EntryPoint\",\"urlTemplate\":\"https:\\\/\\\/axionlift.com\\\/en\\\/?s={search_term_string}\"},\"query-input\":{\"@type\":\"PropertyValueSpecification\",\"valueRequired\":true,\"valueName\":\"search_term_string\"}}],\"inLanguage\":\"pt-BR\"},{\"@type\":\"Organization\",\"@id\":\"https:\\\/\\\/axionlift.com\\\/en\\\/#organization\",\"name\":\"AxionLift - Elevadores & Hidrogr\u00faas\",\"alternateName\":\"AxionLift\",\"url\":\"https:\\\/\\\/axionlift.com\\\/en\\\/\",\"logo\":{\"@type\":\"ImageObject\",\"inLanguage\":\"pt-BR\",\"@id\":\"https:\\\/\\\/axionlift.com\\\/en\\\/#\\\/schema\\\/logo\\\/image\\\/\",\"url\":\"https:\\\/\\\/axionlift.com\\\/wp-content\\\/uploads\\\/2024\\\/08\\\/axion-mini.jpg\",\"contentUrl\":\"https:\\\/\\\/axionlift.com\\\/wp-content\\\/uploads\\\/2024\\\/08\\\/axion-mini.jpg\",\"width\":320,\"height\":320,\"caption\":\"AxionLift - Elevadores & Hidrogr\u00faas\"},\"image\":{\"@id\":\"https:\\\/\\\/axionlift.com\\\/en\\\/#\\\/schema\\\/logo\\\/image\\\/\"}}]}<\/script>\n<!-- \/ Yoast SEO plugin. -->","yoast_head_json":{"title":"Elevador BR3410 - AxionLift - Elevadores &amp; Hidrogr\u00faas","robots":{"index":"index","follow":"follow","max-snippet":"max-snippet:-1","max-image-preview":"max-image-preview:large","max-video-preview":"max-video-preview:-1"},"canonical":"https:\/\/axionlift.com\/pt\/product\/elevador-br3410\/","og_locale":"pt_BR","og_type":"article","og_title":"Elevador BR3410 - AxionLift - Elevadores &amp; Hidrogr\u00faas","og_description":"Si quiere conocer m\u00e1s sobre el producto hacer click en el bot\u00f3n","og_url":"https:\/\/axionlift.com\/pt\/product\/elevador-br3410\/","og_site_name":"AxionLift - Elevadores &amp; Hidrogr\u00faas","article_modified_time":"2026-02-02T02:38:51+00:00","og_image":[{"width":300,"height":184,"url":"https:\/\/axionlift.com\/wp-content\/uploads\/2022\/02\/AxionLift-Imagen-miniatura-BR3410.jpg","type":"image\/jpeg"}],"twitter_card":"summary_large_image","twitter_misc":{"Est. tempo de leitura":"1 minuto"},"schema":{"@context":"https:\/\/schema.org","@graph":[{"@type":"WebPage","@id":"https:\/\/axionlift.com\/en\/product\/elevador-br3410\/","url":"https:\/\/axionlift.com\/en\/product\/elevador-br3410\/","name":"Elevador BR3410 - AxionLift - Elevadores &amp; Hidrogr\u00faas","isPartOf":{"@id":"https:\/\/axionlift.com\/en\/#website"},"primaryImageOfPage":{"@id":"https:\/\/axionlift.com\/en\/product\/elevador-br3410\/#primaryimage"},"image":{"@id":"https:\/\/axionlift.com\/en\/product\/elevador-br3410\/#primaryimage"},"thumbnailUrl":"https:\/\/axionlift.com\/wp-content\/uploads\/2022\/02\/AxionLift-Imagen-miniatura-BR3410.jpg","datePublished":"2022-02-15T14:10:57+00:00","dateModified":"2026-02-02T02:38:51+00:00","breadcrumb":{"@id":"https:\/\/axionlift.com\/en\/product\/elevador-br3410\/#breadcrumb"},"inLanguage":"pt-BR","potentialAction":[{"@type":"ReadAction","target":["https:\/\/axionlift.com\/en\/product\/elevador-br3410\/"]}]},{"@type":"ImageObject","inLanguage":"pt-BR","@id":"https:\/\/axionlift.com\/en\/product\/elevador-br3410\/#primaryimage","url":"https:\/\/axionlift.com\/wp-content\/uploads\/2022\/02\/AxionLift-Imagen-miniatura-BR3410.jpg","contentUrl":"https:\/\/axionlift.com\/wp-content\/uploads\/2022\/02\/AxionLift-Imagen-miniatura-BR3410.jpg","width":300,"height":184},{"@type":"BreadcrumbList","@id":"https:\/\/axionlift.com\/en\/product\/elevador-br3410\/#breadcrumb","itemListElement":[{"@type":"ListItem","position":1,"name":"Inicio","item":"https:\/\/axionlift.com\/"},{"@type":"ListItem","position":2,"name":"Tienda","item":"https:\/\/axionlift.com\/tienda\/"},{"@type":"ListItem","position":3,"name":"Elevador BR3410"}]},{"@type":"WebSite","@id":"https:\/\/axionlift.com\/en\/#website","url":"https:\/\/axionlift.com\/en\/","name":"AxionLift - Elevadores & Hidrogr\u00faas","description":"AxionLift - Una organizaci\u00f3n de alta performance","publisher":{"@id":"https:\/\/axionlift.com\/en\/#organization"},"alternateName":"AxionLift","potentialAction":[{"@type":"SearchAction","target":{"@type":"EntryPoint","urlTemplate":"https:\/\/axionlift.com\/en\/?s={search_term_string}"},"query-input":{"@type":"PropertyValueSpecification","valueRequired":true,"valueName":"search_term_string"}}],"inLanguage":"pt-BR"},{"@type":"Organization","@id":"https:\/\/axionlift.com\/en\/#organization","name":"AxionLift - Elevadores & Hidrogr\u00faas","alternateName":"AxionLift","url":"https:\/\/axionlift.com\/en\/","logo":{"@type":"ImageObject","inLanguage":"pt-BR","@id":"https:\/\/axionlift.com\/en\/#\/schema\/logo\/image\/","url":"https:\/\/axionlift.com\/wp-content\/uploads\/2024\/08\/axion-mini.jpg","contentUrl":"https:\/\/axionlift.com\/wp-content\/uploads\/2024\/08\/axion-mini.jpg","width":320,"height":320,"caption":"AxionLift - Elevadores & Hidrogr\u00faas"},"image":{"@id":"https:\/\/axionlift.com\/en\/#\/schema\/logo\/image\/"}}]}},"_links":{"self":[{"href":"http:\/\/axionlift.com\/pt\/wp-json\/wp\/v2\/product\/1536","targetHints":{"allow":["GET"]}}],"collection":[{"href":"http:\/\/axionlift.com\/pt\/wp-json\/wp\/v2\/product"}],"about":[{"href":"http:\/\/axionlift.com\/pt\/wp-json\/wp\/v2\/types\/product"}],"replies":[{"embeddable":true,"href":"http:\/\/axionlift.com\/pt\/wp-json\/wp\/v2\/comments?post=1536"}],"wp:featuredmedia":[{"embeddable":true,"href":"http:\/\/axionlift.com\/pt\/wp-json\/wp\/v2\/media\/6704"}],"wp:attachment":[{"href":"http:\/\/axionlift.com\/pt\/wp-json\/wp\/v2\/media?parent=1536"}],"wp:term":[{"taxonomy":"product_brand","embeddable":true,"href":"http:\/\/axionlift.com\/pt\/wp-json\/wp\/v2\/product_brand?post=1536"},{"taxonomy":"product_cat","embeddable":true,"href":"http:\/\/axionlift.com\/pt\/wp-json\/wp\/v2\/product_cat?post=1536"},{"taxonomy":"product_tag","embeddable":true,"href":"http:\/\/axionlift.com\/pt\/wp-json\/wp\/v2\/product_tag?post=1536"}],"curies":[{"name":"wp","href":"https:\/\/api.w.org\/{rel}","templated":true}]}}